{"id":382,"date":"2021-11-28T11:25:50","date_gmt":"2021-11-28T16:25:50","guid":{"rendered":"http:\/\/caringpawsanimaltherapy.org\/?page_id=382"},"modified":"2024-03-20T00:03:05","modified_gmt":"2024-03-20T05:03:05","slug":"accueil","status":"publish","type":"page","link":"https:\/\/caringpawsanimaltherapy.org\/fr\/","title":{"rendered":"Accueil"},"content":{"rendered":"[vc_row][vc_column]\n\t\t\t<!-- START Slider FR REVOLUTION SLIDER 6.5.5 --><p class=\"rs-p-wp-fix\"><\/p>\n\t\t\t<rs-module-wrap id=\"rev_slider_2_1_wrapper\" data-source=\"gallery\" style=\"visibility:hidden;background:transparent;padding:0;margin:0px auto;margin-top:0;margin-bottom:0;\">\n\t\t\t\t<rs-module id=\"rev_slider_2_1\" style=\"\" data-version=\"6.5.5\">\n\t\t\t\t\t<rs-slides>\n\t\t\t\t\t\t<rs-slide style=\"position: absolute;\" data-key=\"rs-3\" data-title=\"Slide\" data-in=\"o:0;\" data-out=\"a:false;\">\n\t\t\t\t\t\t\t<img decoding=\"async\" src=\"\/\/caringpawsanimaltherapy.org\/wp-content\/plugins\/revslider\/public\/assets\/assets\/dummy.png\" alt=\"Slide\" title=\"Accueil\" class=\"rev-slidebg tp-rs-img rs-lazyload\" data-lazyload=\"\/\/caringpawsanimaltherapy.org\/wp-content\/plugins\/revslider\/public\/assets\/assets\/transparent.png\" data-no-retina>\n<!--\n\t\t\t\t\t\t\t--><rs-layer\n\t\t\t\t\t\t\t\tid=\"slider-2-slide-3-layer-1\" \n\t\t\t\t\t\t\t\tdata-type=\"image\"\n\t\t\t\t\t\t\t\tdata-rsp_ch=\"on\"\n\t\t\t\t\t\t\t\tdata-text=\"w:normal;\"\n\t\t\t\t\t\t\t\tdata-dim=\"w:100%;h:709px;\"\n\t\t\t\t\t\t\t\tdata-frame_999=\"o:0;st:w;\"\n\t\t\t\t\t\t\t\tstyle=\"z-index:6;\"\n\t\t\t\t\t\t\t><img loading=\"lazy\" decoding=\"async\" src=\"\/\/caringpawsanimaltherapy.org\/wp-content\/plugins\/revslider\/public\/assets\/assets\/dummy.png\" class=\"tp-rs-img rs-lazyload\" width=\"1170\" height=\"709\" data-lazyload=\"\/\/caringpawsanimaltherapy.org\/wp-content\/uploads\/2021\/10\/nala-reading-paws-lie-down.jpg\" data-c=\"fullwidth\" data-no-retina> \n\t\t\t\t\t\t\t<\/rs-layer><!--\n\n\t\t\t\t\t\t\t--><rs-layer\n\t\t\t\t\t\t\t\tid=\"slider-2-slide-3-layer-4\" \n\t\t\t\t\t\t\t\tdata-type=\"shape\"\n\t\t\t\t\t\t\t\tdata-rsp_ch=\"on\"\n\t\t\t\t\t\t\t\tdata-xy=\"y:587px;\"\n\t\t\t\t\t\t\t\tdata-text=\"w:normal;\"\n\t\t\t\t\t\t\t\tdata-dim=\"w:100%;h:165px;\"\n\t\t\t\t\t\t\t\tdata-frame_999=\"o:0;st:w;\"\n\t\t\t\t\t\t\t\tstyle=\"z-index:7;background-color:#004470;\"\n\t\t\t\t\t\t\t> \n\t\t\t\t\t\t\t<\/rs-layer><!--\n\n\t\t\t\t\t\t\t--><rs-layer\n\t\t\t\t\t\t\t\tid=\"slider-2-slide-3-layer-5\" \n\t\t\t\t\t\t\t\tdata-type=\"text\"\n\t\t\t\t\t\t\t\tdata-color=\"#ffffff\"\n\t\t\t\t\t\t\t\tdata-rsp_ch=\"on\"\n\t\t\t\t\t\t\t\tdata-xy=\"x:318px;y:616px;\"\n\t\t\t\t\t\t\t\tdata-text=\"w:normal;s:42;l:52;\"\n\t\t\t\t\t\t\t\tdata-dim=\"h:53;\"\n\t\t\t\t\t\t\t\tdata-frame_999=\"o:0;st:w;\"\n\t\t\t\t\t\t\t\tstyle=\"z-index:8;font-family:'Oleo Script';\"\n\t\t\t\t\t\t\t>Nala \u00e9coute Naomi lui lire une histoire \n\t\t\t\t\t\t\t<\/rs-layer><!--\n-->\t\t\t\t\t\t<\/rs-slide>\n\t\t\t\t\t\t<rs-slide style=\"position: absolute;\" data-key=\"rs-4\" data-title=\"Slide\" data-in=\"o:0;\" data-out=\"a:false;\">\n\t\t\t\t\t\t\t<img decoding=\"async\" src=\"\/\/caringpawsanimaltherapy.org\/wp-content\/plugins\/revslider\/public\/assets\/assets\/dummy.png\" alt=\"Slide\" title=\"Accueil\" class=\"rev-slidebg tp-rs-img rs-lazyload\" data-lazyload=\"\/\/caringpawsanimaltherapy.org\/wp-content\/plugins\/revslider\/public\/assets\/assets\/transparent.png\" data-no-retina>\n<!--\n\t\t\t\t\t\t\t--><rs-layer\n\t\t\t\t\t\t\t\tid=\"slider-2-slide-4-layer-1\" \n\t\t\t\t\t\t\t\tdata-type=\"image\"\n\t\t\t\t\t\t\t\tdata-rsp_ch=\"on\"\n\t\t\t\t\t\t\t\tdata-text=\"w:normal;\"\n\t\t\t\t\t\t\t\tdata-dim=\"w:100%;\"\n\t\t\t\t\t\t\t\tdata-frame_999=\"o:0;st:w;\"\n\t\t\t\t\t\t\t\tstyle=\"z-index:6;\"\n\t\t\t\t\t\t\t><img loading=\"lazy\" decoding=\"async\" src=\"\/\/caringpawsanimaltherapy.org\/wp-content\/plugins\/revslider\/public\/assets\/assets\/dummy.png\" class=\"tp-rs-img rs-lazyload\" width=\"1170\" height=\"709\" data-lazyload=\"\/\/caringpawsanimaltherapy.org\/wp-content\/uploads\/2021\/10\/slider1.jpg\" data-c=\"fullwidth\" data-no-retina> \n\t\t\t\t\t\t\t<\/rs-layer><!--\n\n\t\t\t\t\t\t\t--><rs-layer\n\t\t\t\t\t\t\t\tid=\"slider-2-slide-4-layer-4\" \n\t\t\t\t\t\t\t\tdata-type=\"shape\"\n\t\t\t\t\t\t\t\tdata-rsp_ch=\"on\"\n\t\t\t\t\t\t\t\tdata-xy=\"y:587px;\"\n\t\t\t\t\t\t\t\tdata-text=\"w:normal;\"\n\t\t\t\t\t\t\t\tdata-dim=\"w:100%;h:165px;\"\n\t\t\t\t\t\t\t\tdata-frame_999=\"o:0;st:w;\"\n\t\t\t\t\t\t\t\tstyle=\"z-index:7;background-color:#004470;\"\n\t\t\t\t\t\t\t> \n\t\t\t\t\t\t\t<\/rs-layer><!--\n\n\t\t\t\t\t\t\t--><rs-layer\n\t\t\t\t\t\t\t\tid=\"slider-2-slide-4-layer-5\" \n\t\t\t\t\t\t\t\tdata-type=\"text\"\n\t\t\t\t\t\t\t\tdata-color=\"#ffffff\"\n\t\t\t\t\t\t\t\tdata-rsp_ch=\"on\"\n\t\t\t\t\t\t\t\tdata-xy=\"x:248px;y:621px;\"\n\t\t\t\t\t\t\t\tdata-text=\"w:normal;s:45;l:56;\"\n\t\t\t\t\t\t\t\tdata-frame_999=\"o:0;st:w;\"\n\t\t\t\t\t\t\t\tstyle=\"z-index:8;font-family:'Oleo Script';\"\n\t\t\t\t\t\t\t>Mac et Lisa.  L'amour se lit dans leurs yeux. \n\t\t\t\t\t\t\t<\/rs-layer><!--\n-->\t\t\t\t\t\t<\/rs-slide>\n\t\t\t\t\t\t<rs-slide style=\"position: absolute;\" data-key=\"rs-7\" data-title=\"Slide\" data-in=\"o:0;\" data-out=\"a:false;\">\n\t\t\t\t\t\t\t<img decoding=\"async\" src=\"\/\/caringpawsanimaltherapy.org\/wp-content\/plugins\/revslider\/public\/assets\/assets\/dummy.png\" alt=\"Slide\" title=\"Accueil\" class=\"rev-slidebg tp-rs-img rs-lazyload\" data-lazyload=\"\/\/caringpawsanimaltherapy.org\/wp-content\/plugins\/revslider\/public\/assets\/assets\/transparent.png\" data-no-retina>\n<!--\n\t\t\t\t\t\t\t--><rs-layer\n\t\t\t\t\t\t\t\tid=\"slider-2-slide-7-layer-1\" \n\t\t\t\t\t\t\t\tdata-type=\"image\"\n\t\t\t\t\t\t\t\tdata-rsp_ch=\"on\"\n\t\t\t\t\t\t\t\tdata-text=\"w:normal;\"\n\t\t\t\t\t\t\t\tdata-dim=\"w:100%;\"\n\t\t\t\t\t\t\t\tdata-frame_999=\"o:0;st:w;\"\n\t\t\t\t\t\t\t\tstyle=\"z-index:6;\"\n\t\t\t\t\t\t\t><img loading=\"lazy\" decoding=\"async\" src=\"\/\/caringpawsanimaltherapy.org\/wp-content\/plugins\/revslider\/public\/assets\/assets\/dummy.png\" class=\"tp-rs-img rs-lazyload\" width=\"370\" height=\"225\" data-lazyload=\"\/\/caringpawsanimaltherapy.org\/wp-content\/uploads\/2021\/10\/mac-collegial-sainte-anne.jpg\" data-c=\"fullwidth\" data-no-retina> \n\t\t\t\t\t\t\t<\/rs-layer><!--\n\n\t\t\t\t\t\t\t--><rs-layer\n\t\t\t\t\t\t\t\tid=\"slider-2-slide-7-layer-4\" \n\t\t\t\t\t\t\t\tdata-type=\"shape\"\n\t\t\t\t\t\t\t\tdata-rsp_ch=\"on\"\n\t\t\t\t\t\t\t\tdata-xy=\"y:587px;\"\n\t\t\t\t\t\t\t\tdata-text=\"w:normal;\"\n\t\t\t\t\t\t\t\tdata-dim=\"w:100%;h:165px;\"\n\t\t\t\t\t\t\t\tdata-frame_999=\"o:0;st:w;\"\n\t\t\t\t\t\t\t\tstyle=\"z-index:7;background-color:#004470;\"\n\t\t\t\t\t\t\t> \n\t\t\t\t\t\t\t<\/rs-layer><!--\n\n\t\t\t\t\t\t\t--><rs-layer\n\t\t\t\t\t\t\t\tid=\"slider-2-slide-7-layer-5\" \n\t\t\t\t\t\t\t\tdata-type=\"text\"\n\t\t\t\t\t\t\t\tdata-color=\"#ffffff\"\n\t\t\t\t\t\t\t\tdata-rsp_ch=\"on\"\n\t\t\t\t\t\t\t\tdata-xy=\"x:248px;y:621px;\"\n\t\t\t\t\t\t\t\tdata-text=\"w:normal;s:45;l:56;\"\n\t\t\t\t\t\t\t\tdata-frame_999=\"o:0;st:w;\"\n\t\t\t\t\t\t\t\tstyle=\"z-index:8;font-family:'Oleo Script';\"\n\t\t\t\t\t\t\t>Se d\u00e9stresser durant la p\u00e9riode des examens \n\t\t\t\t\t\t\t<\/rs-layer><!--\n-->\t\t\t\t\t\t<\/rs-slide>\n\t\t\t\t\t<\/rs-slides>\n\t\t\t\t<\/rs-module>\n\t\t\t\t<script type=\"text\/javascript\">\n\t\t\t\t\tsetREVStartSize({c: 'rev_slider_2_1',rl:[1240,1024,778,480],el:[900],gw:[1240],gh:[900],type:'standard',justify:'',layout:'fullwidth',mh:\"0\"});if (window.RS_MODULES!==undefined && window.RS_MODULES.modules!==undefined && window.RS_MODULES.modules[\"revslider21\"]!==undefined) {window.RS_MODULES.modules[\"revslider21\"].once = false;window.revapi2 = undefined;window.RS_MODULES.checkMinimal()}\n\t\t\t\t<\/script>\n\t\t\t<\/rs-module-wrap>\n\t\t\t<!-- END REVOLUTION SLIDER -->\n[\/vc_column][\/vc_row][vc_row][vc_column][vc_text_separator title=&#8221;CE QUE NOUS FAISONS&#8221; border_width=&#8221;2&#8243;][vc_column_text css=&#8221;.vc_custom_1710910569921{padding-top: 20px !important;padding-right: 240px !important;padding-left: 240px !important;}&#8221;]\n<p style=\"text-align: center;\">L\u2019objectif de Pattes humanitaires th\u00e9rapeutiques est d\u2019offrir un service de zooth\u00e9rapie aux \u00e9tablissements de la r\u00e9gion de l\u2019Ouest de l\u2019\u00cele de Montr\u00e9al et ses environs qui pourraient b\u00e9n\u00e9ficier d\u2019interventions th\u00e9rapeutiques. Nous maintenons et promouvons les plus hauts standards de qualit\u00e9 et de s\u00e9curit\u00e9 en mati\u00e8re de zooth\u00e9rapie.<\/p>\n<div id=\"gtx-trans\" style=\"position: absolute; left: -3px; top: 36.7045px;\">\n<div class=\"gtx-trans-icon\"><\/div>\n<\/div>\n[\/vc_column_text][\/vc_column][\/vc_row][vc_row css=&#8221;.vc_custom_1635480720468{background-color: #f7f4ed !important;}&#8221;][vc_column][vc_column_text]\n<h1 style=\"text-align: center;\">NOS PROGRAMMES<\/h1>\n[\/vc_column_text][vc_row_inner][vc_column_inner width=&#8221;1\/3&#8243;][vc_column_text]\n<h3 style=\"text-align: center;\"><img loading=\"lazy\" decoding=\"async\" class=\"alignnone size-full wp-image-217\" src=\"http:\/\/caringpawsanimaltherapy.org\/wp-content\/uploads\/2021\/10\/mt-0233-training-icon1.png\" alt=\"\" width=\"41\" height=\"57\" \/>\u00a0 ADULTES \/A\u00ceN\u00c9S<\/h3>\n[\/vc_column_text][vc_column_text]\n<h4>\u00c0 LA RENCONTRE DES ADULTES ET DES A\u00ceN\u00c9S<\/h4>\n<p>L\u2019amour inconditionnel qu\u2019ils nous fournissent aide \u00e0 soulager la d\u00e9pression et le sentiment d\u2019isolement. Nos \u00e9quipes de b\u00e9n\u00e9voles reconnaissent les bienfaits th\u00e9rapeutiques de la zooth\u00e9rapie et rendent visite aux adultes dans une trentaine d\u2019\u00e9tablissements dans l\u2019Ouest-de-l\u2019\u00cele et ses environs.<\/p>\n<p><span style=\"color: #005288;\" data-darkreader-inline-color=\"\">NOUS D\u00c9SSERVONS:<\/span><br \/>\nH\u00f4pitaux<br \/>\nCentres d\u2019accueil pour a\u00een\u00e9s<br \/>\nCentres de soins de longue dur\u00e9e<br \/>\nCentres de soins palliatifs<br \/>\nRefuges pour sans-abri<br \/>\nProgrammes de traitement destin\u00e9s aux toxicomanes<br \/>\nProgrammes visant les personnes qui ont un handicap physique et\/ou intellectuel<\/p>\n<p>Pour plus de renseignements, veuillez communiquer avec:<\/p>\n<p><a href=\"mailto:teamleader.wi@caringpawsanimaltherapy.org\">teamleader.wi<\/a><\/p>\n<div id=\"gtx-trans\" style=\"position: absolute; left: 171px; top: 202.261px;\">\n<div class=\"gtx-trans-icon\"><\/div>\n<\/div>\n[\/vc_column_text][\/vc_column_inner][vc_column_inner width=&#8221;1\/3&#8243;][vc_column_text]\n<h3 style=\"text-align: center;\"><img loading=\"lazy\" decoding=\"async\" class=\"alignnone size-full wp-image-235\" src=\"http:\/\/caringpawsanimaltherapy.org\/wp-content\/uploads\/2021\/10\/mt-0233-training-icon10.png\" alt=\"\" width=\"42\" height=\"57\" \/>\u00a0 ENFANTS<\/h3>\n[\/vc_column_text][vc_column_text]\n<h4>L\u2019HEURE DU CONTE \u00c0 UN CHIEN<\/h4>\n<p>Ce programme est organis\u00e9 en collaboration avec les \u00e9coles et les biblioth\u00e8ques dans la r\u00e9gion de l\u2019Ouest de l\u2019\u00cele de Montr\u00e9al. Tout au long de l\u2019ann\u00e9e, nos \u00e9quipes (certifi\u00e9es tout particuli\u00e8rement pour les programmes \u00e0 l\u2019intention des enfants) fournissent une ambiance d\u00e9tendue et sans jugement dans laquelle les jeunes peuvent am\u00e9liorer leurs comp\u00e9tences en lecture en lisant \u00e0 un chien de zooth\u00e9rapie.<\/p>\n<p>Les \u00e9quipes d\u2019intervenants certifi\u00e9es visitent aussi les classes destin\u00e9es aux enfants pr\u00e9sentant des besoins sp\u00e9ciaux.<\/p>\n<p>Les chiens donnent un soutien affectif aux enfants qui se retrouvent dans les unit\u00e9s p\u00e9diatriques ainsi que ceux vivant dans des foyers pour enfants ayant des besoins sp\u00e9ciaux.<\/p>\n<p>Pour plus de renseignements, veuillez communiquer avec:<\/p>\n<p><a href=\"mailto:coordinator.child@caringpawsanimaltherapy.org\">coordinator.child<\/a>[\/vc_column_text][\/vc_column_inner][vc_column_inner width=&#8221;1\/3&#8243;][vc_column_text]\n<h3 style=\"text-align: center;\"><img loading=\"lazy\" decoding=\"async\" class=\"alignnone size-full wp-image-231\" src=\"http:\/\/caringpawsanimaltherapy.org\/wp-content\/uploads\/2021\/10\/mt-0233-training-icon8.png\" alt=\"\" width=\"45\" height=\"44\" \/>\u00a0 SALLE DE PAUSE<\/h3>\n[\/vc_column_text][vc_column_text]\n<h4>\u00c0 LA RENCONTRE DES ADOLESCENTS ET JEUNES ADULTES<\/h4>\n<p>Nos \u00e9quipes sont l\u00e0 pour att\u00e9nuer leur stress. Ann\u00e9e apr\u00e8s ann\u00e9e, nous sommes r\u00e9invit\u00e9s dans les universit\u00e9s,les CEGEPs et les \u00e9coles secondaire de l\u2019Ouest-de-l\u2019\u00cele de Montr\u00e9al pour rencontrer les \u00e9tudiants, dont plusieurs sont loin de chez eux (et dont plusieurs s\u2019ennuient de leurs propres animaux domestiques). Nos visites leur donnent l\u2019occasion de d\u00e9compresser et leur fournissent une pause d\u00e9tente bien m\u00e9rit\u00e9e durant cette p\u00e9riode de travail intense.<\/p>\n<p>Pour plus de renseignements, veuillez communiquer avec:<\/p>\n<p><a href=\"mailto:coordinator.corporate@caringpawsanimaltherapy.org\">coordinator.corporate<\/a><\/p>\n<div id=\"gtx-trans\" style=\"position: absolute; left: 311px; top: 122.5px;\">\n<div class=\"gtx-trans-icon\"><\/div>\n<\/div>\n[\/vc_column_text][\/vc_column_inner][\/vc_row_inner][\/vc_column][\/vc_row]\n","protected":false},"excerpt":{"rendered":"<p>[vc_row][vc_column][\/vc_column][\/vc_row][vc_row][vc_column][vc_text_separator title=&#8221;CE QUE NOUS FAISONS&#8221; border_width=&#8221;2&#8243;][vc_column_text css=&#8221;.vc_custom_1710910569921{padding-top: 20px !important;padding-right: 240px !important;padding-left: 240px !important;}&#8221;] L\u2019objectif de Pattes humanitaires th\u00e9rapeutiques est d\u2019offrir un service de zooth\u00e9rapie aux \u00e9tablissements de la r\u00e9gion de l\u2019Ouest de l\u2019\u00cele de Montr\u00e9al et ses environs qui pourraient b\u00e9n\u00e9ficier d\u2019interventions th\u00e9rapeutiques. Nous maintenons et promouvons les plus hauts standards de qualit\u00e9 et de&hellip;<\/p>\n","protected":false},"author":1,"featured_media":0,"parent":0,"menu_order":0,"comment_status":"closed","ping_status":"closed","template":"","meta":{"footnotes":""},"class_list":["post-382","page","type-page","status-publish","hentry","entry","no-media"],"_links":{"self":[{"href":"https:\/\/caringpawsanimaltherapy.org\/fr\/wp-json\/wp\/v2\/pages\/382","targetHints":{"allow":["GET"]}}],"collection":[{"href":"https:\/\/caringpawsanimaltherapy.org\/fr\/wp-json\/wp\/v2\/pages"}],"about":[{"href":"https:\/\/caringpawsanimaltherapy.org\/fr\/wp-json\/wp\/v2\/types\/page"}],"author":[{"embeddable":true,"href":"https:\/\/caringpawsanimaltherapy.org\/fr\/wp-json\/wp\/v2\/users\/1"}],"replies":[{"embeddable":true,"href":"https:\/\/caringpawsanimaltherapy.org\/fr\/wp-json\/wp\/v2\/comments?post=382"}],"version-history":[{"count":12,"href":"https:\/\/caringpawsanimaltherapy.org\/fr\/wp-json\/wp\/v2\/pages\/382\/revisions"}],"predecessor-version":[{"id":803,"href":"https:\/\/caringpawsanimaltherapy.org\/fr\/wp-json\/wp\/v2\/pages\/382\/revisions\/803"}],"wp:attachment":[{"href":"https:\/\/caringpawsanimaltherapy.org\/fr\/wp-json\/wp\/v2\/media?parent=382"}],"curies":[{"name":"wp","href":"https:\/\/api.w.org\/{rel}","templated":true}]}}