{"id":378,"date":"2021-11-28T11:24:21","date_gmt":"2021-11-28T16:24:21","guid":{"rendered":"http:\/\/caringpawsanimaltherapy.org\/?page_id=378"},"modified":"2024-01-13T14:41:06","modified_gmt":"2024-01-13T19:41:06","slug":"nous-joindre","status":"publish","type":"page","link":"https:\/\/caringpawsanimaltherapy.org\/fr\/nous-joindre\/","title":{"rendered":"Nous joindre"},"content":{"rendered":"[vc_row][vc_column][vc_gmaps link=&#8221;#E-8_JTNDaWZyYW1lJTIwc3JjJTNEJTIyaHR0cHMlM0ElMkYlMkZ3d3cuZ29vZ2xlLmNvbSUyRm1hcHMlMkZlbWJlZCUzRnBiJTNEJTIxMW0xNCUyMTFtOCUyMTFtMyUyMTFkMTEyMDQuNzYxMzk4Mjc5MzQ2JTIxMmQtNzMuOTU1NjgxJTIxM2Q0NS40MDU1MDElMjEzbTIlMjExaTEwMjQlMjEyaTc2OCUyMTRmMTMuMSUyMTNtMyUyMTFtMiUyMTFzMHg0Y2M5Mzg0Nzg2MWI5YTY3JTI1M0EweGFmMWM0ZDAyNDA1MDliZjYlMjEyc0NhcmluZyUyNTIwUGF3cyUyNTIwQW5pbWFsJTI1MjBUaGVyYXB5JTIxNWUwJTIxM20yJTIxMXNlbiUyMTJzdXMlMjE0djE2MzgxMTI1MDg1MzIlMjE1bTIlMjExc2VuJTIxMnN1cyUyMiUyMHdpZHRoJTNEJTIyNjAwJTIyJTIwaGVpZ2h0JTNEJTIyNDUwJTIyJTIwc3R5bGUlM0QlMjJib3JkZXIlM0EwJTNCJTIyJTIwYWxsb3dmdWxsc2NyZWVuJTNEJTIyJTIyJTIwbG9hZGluZyUzRCUyMmxhenklMjIlM0UlM0MlMkZpZnJhbWUlM0U=&#8221;][\/vc_column][\/vc_row][vc_row][vc_column width=&#8221;1\/2&#8243;][vc_column_text]<strong>ADRESSE<\/strong><\/p>\n<p>1 rue de l&#8217;\u00c9glise, Sainte-Anne-de-Bellevue, Quebec<br \/>\nH9X 1W4<\/p>\n<p><strong>T\u00c9L\u00c9PHONE<\/strong><\/p>\n<p><a href=\"5144575445\">(514) 457-5445<\/a><\/p>\n<p><strong>COURRIEL<\/strong><\/p>\n<p><a href=\"mailto:teamleader.wi@caringpawsanimaltherapy.org\">teamleader.wi@caringpawsanimaltherapy.org<\/a><\/p>\n<p><strong>M\u00c9DIAS SOCIAUX<\/strong>[\/vc_column_text][vc_single_image image=&#8221;500&#8243; img_size=&#8221;30&#215;30&#8243; onclick=&#8221;custom_link&#8221; img_link_target=&#8221;_blank&#8221; link=&#8221;http:\/\/www.facebook.com\/people\/Caring-Paws-Animal-Therapy\/100070806775946\/&#8221;][vc_column_text]<a href=\"https:\/\/www.facebook.com\/people\/Caring-Paws-Animal-Therapy\/100070806775946\/\">www.facebook.com\/people\/Caring-Paws-Animal-Therapy<\/a><\/p>\n[\/vc_column_text][\/vc_column][\/vc_row]\n","protected":false},"excerpt":{"rendered":"<p>[vc_row][vc_column][vc_gmaps link=&#8221;#E-8_JTNDaWZyYW1lJTIwc3JjJTNEJTIyaHR0cHMlM0ElMkYlMkZ3d3cuZ29vZ2xlLmNvbSUyRm1hcHMlMkZlbWJlZCUzRnBiJTNEJTIxMW0xNCUyMTFtOCUyMTFtMyUyMTFkMTEyMDQuNzYxMzk4Mjc5MzQ2JTIxMmQtNzMuOTU1NjgxJTIxM2Q0NS40MDU1MDElMjEzbTIlMjExaTEwMjQlMjEyaTc2OCUyMTRmMTMuMSUyMTNtMyUyMTFtMiUyMTFzMHg0Y2M5Mzg0Nzg2MWI5YTY3JTI1M0EweGFmMWM0ZDAyNDA1MDliZjYlMjEyc0NhcmluZyUyNTIwUGF3cyUyNTIwQW5pbWFsJTI1MjBUaGVyYXB5JTIxNWUwJTIxM20yJTIxMXNlbiUyMTJzdXMlMjE0djE2MzgxMTI1MDg1MzIlMjE1bTIlMjExc2VuJTIxMnN1cyUyMiUyMHdpZHRoJTNEJTIyNjAwJTIyJTIwaGVpZ2h0JTNEJTIyNDUwJTIyJTIwc3R5bGUlM0QlMjJib3JkZXIlM0EwJTNCJTIyJTIwYWxsb3dmdWxsc2NyZWVuJTNEJTIyJTIyJTIwbG9hZGluZyUzRCUyMmxhenklMjIlM0UlM0MlMkZpZnJhbWUlM0U=&#8221;][\/vc_column][\/vc_row][vc_row][vc_column width=&#8221;1\/2&#8243;][vc_column_text]ADRESSE 1 rue de l&#8217;\u00c9glise, Sainte-Anne-de-Bellevue, Quebec H9X 1W4 T\u00c9L\u00c9PHONE (514) 457-5445 COURRIEL teamleader.wi@caringpawsanimaltherapy.org M\u00c9DIAS SOCIAUX[\/vc_column_text][vc_single_image image=&#8221;500&#8243; img_size=&#8221;30&#215;30&#8243; onclick=&#8221;custom_link&#8221; img_link_target=&#8221;_blank&#8221; link=&#8221;http:\/\/www.facebook.com\/people\/Caring-Paws-Animal-Therapy\/100070806775946\/&#8221;][vc_column_text]www.facebook.com\/people\/Caring-Paws-Animal-Therapy [\/vc_column_text][\/vc_column][\/vc_row]<\/p>\n","protected":false},"author":1,"featured_media":0,"parent":0,"menu_order":0,"comment_status":"closed","ping_status":"closed","template":"","meta":{"footnotes":""},"class_list":["post-378","page","type-page","status-publish","hentry","entry","no-media"],"_links":{"self":[{"href":"https:\/\/caringpawsanimaltherapy.org\/fr\/wp-json\/wp\/v2\/pages\/378","targetHints":{"allow":["GET"]}}],"collection":[{"href":"https:\/\/caringpawsanimaltherapy.org\/fr\/wp-json\/wp\/v2\/pages"}],"about":[{"href":"https:\/\/caringpawsanimaltherapy.org\/fr\/wp-json\/wp\/v2\/types\/page"}],"author":[{"embeddable":true,"href":"https:\/\/caringpawsanimaltherapy.org\/fr\/wp-json\/wp\/v2\/users\/1"}],"replies":[{"embeddable":true,"href":"https:\/\/caringpawsanimaltherapy.org\/fr\/wp-json\/wp\/v2\/comments?post=378"}],"version-history":[{"count":14,"href":"https:\/\/caringpawsanimaltherapy.org\/fr\/wp-json\/wp\/v2\/pages\/378\/revisions"}],"predecessor-version":[{"id":522,"href":"https:\/\/caringpawsanimaltherapy.org\/fr\/wp-json\/wp\/v2\/pages\/378\/revisions\/522"}],"wp:attachment":[{"href":"https:\/\/caringpawsanimaltherapy.org\/fr\/wp-json\/wp\/v2\/media?parent=378"}],"curies":[{"name":"wp","href":"https:\/\/api.w.org\/{rel}","templated":true}]}}