{"id":372,"date":"2021-11-28T11:20:49","date_gmt":"2021-11-28T16:20:49","guid":{"rendered":"http:\/\/caringpawsanimaltherapy.org\/?page_id=372"},"modified":"2022-04-12T02:14:35","modified_gmt":"2022-04-12T07:14:35","slug":"questions","status":"publish","type":"page","link":"https:\/\/caringpawsanimaltherapy.org\/fr\/questions\/","title":{"rendered":"Questions"},"content":{"rendered":"[vc_row][vc_column][vc_column_text]<img loading=\"lazy\" decoding=\"async\" class=\"alignleft\" src=\"http:\/\/caringpawsanimaltherapy.org\/wp-content\/uploads\/2021\/10\/ozzie-with-students-mcgill-300x182.jpg\" alt=\"\" width=\"370\" height=\"250\" \/><\/p>\n<p><strong>1. Est-ce que vous offrez une formation?<\/strong><\/p>\n<p>Nous n\u2019offrons pas de formation. Chaque \u00e9quipe consiste d\u2019un b\u00e9n\u00e9vole et de son propre chien ou chat. L&#8217;exp\u00e9rience nous a d\u00e9montr\u00e9 qu\u2019habituellement, les animaux de zooth\u00e9rapie sont n\u00e9s avec le temp\u00e9rament requis pour ce genre de travail (quoiqu\u2019ils doivent tout de m\u00eame avoir une base d&#8217;ob\u00e9issance).<\/p>\n<p><strong>2. Mon m\u00e9decin m\u2019a conseill\u00e9 d\u2019obtenir un chien aidant certifi\u00e9 ou chien d&#8217;assistance. Est-ce que \u2018Pattes humanitaires th\u00e9rapeutiques\u2019 peut m\u2019aider?<\/strong><\/p>\n<p>Nous ne sommes pas un organisme de formation de chiens de service ou de chiens d\u2019assistance, et ne sommes donc pas en mesure d\u2019offrir des conseils pour ce genre de demande. \u2018Pattes humanitaires th\u00e9rapeutiques\u2019 compte sur la participation de membres b\u00e9n\u00e9voles qui interviennent avec leurs propres animaux de compagnie. Veuillez s.v.p. communiquer avec un organisme qui assure la formation et l\u2019accr\u00e9ditation de chiens-guide ou de chiens d\u2019assistance.<\/p>\n<p><strong>3. Je ne poss\u00e8de pas un chien. Est-ce que je peux tout de m\u00eame me porter b\u00e9n\u00e9vole?<\/strong><\/p>\n<p>Veuillez contacter notre chef d\u2019\u00e9quipe car nous pouvons avoir des r\u00f4les non visiteurs pour vous.\u00a0 Vous pouvez participer \u00e0 des \u00e9valuations ou \u00e0 des activit\u00e9s de collecte de fonds.<\/p>\n<p><strong>4. Mon enfant a peur des chiens. Pourriez-vous apporter un chien de zooth\u00e9rapie pour le rencontrer?<\/strong><\/p>\n<p>Malheureusement, nous ne pouvons pas mener de visites individuelles (\u00e0 domicile ou dans un parc etc.) Toutes nos visites se font en partenariat avec les \u00e9tablissements locaux tels les centres de soins de longue dur\u00e9e, les h\u00f4pitaux, les \u00e9coles, les biblioth\u00e8ques etc.<\/p>\n<p><strong>5. Quel est le co\u00fbt du programme?<\/strong><\/p>\n<p>Notre programme est offert gratuitement.<\/p>\n<p><strong>6. Je suis th\u00e9rapeute. \u00cates-vous en mesure d\u2019accr\u00e9diter mon chien pour qu\u2019il puisse m\u2019assister dans ma pratique professionnelle?<\/strong><\/p>\n<p>Nous \u00e9valuons et certifions uniquement les chiens qui feront partis des \u00e9quipes b\u00e9n\u00e9voles pour notre organisme. Nous n\u2019accordons pas d\u2019accr\u00e9ditation aux individus qui d\u00e9sirent employer leurs chiens dans le cadre de pratiques th\u00e9rapeutiques professionnelles.<\/p>\n<p><strong>7. Mon chien a un excellent temp\u00e9rament mais n\u2019a pas \u00e9t\u00e9 dress\u00e9 de fa\u00e7on formelle. Satisfera-t-il aux crit\u00e8res d\u2019\u00e9valuation?<\/strong><\/p>\n<p>Si votre chien a de bonnes mani\u00e8res et un temp\u00e9rament amical et sociable, il est fort probable qu\u2019il r\u00e9ussira. Pour plus de d\u00e9tails sur la proc\u00e9dure d\u2019\u00e9valuation, veuillez s.v.p. communiquer avec notre chef d\u2019\u00e9quipe.<\/p>\n<p><strong>8. J\u2019ai un proche qui pourrait b\u00e9n\u00e9ficier d\u2019une s\u00e9ance de zooth\u00e9rapie \u00e0 la maison. Pourriez-vous lui rendre visite?<\/strong><\/p>\n<p>Nos \u00e9quipes ne m\u00e8nent pas de visites \u00e0 domicile. Si votre proche participe \u00e0 un programme de jour pour a\u00een\u00e9s, nous pourrions discuter de la possibilit\u00e9 d\u2019une intervention th\u00e9rapeutique \u00e0 l\u2019\u00e9tablissement en question.<\/p>\n<p>&nbsp;<\/p>\n<div id=\"gtx-trans\" style=\"position: absolute; left: 176px; top: 1442.81px;\">\n<div class=\"gtx-trans-icon\"><\/div>\n<\/div>\n[\/vc_column_text][\/vc_column][\/vc_row]\n","protected":false},"excerpt":{"rendered":"<p>[vc_row][vc_column][vc_column_text] 1. Est-ce que vous offrez une formation? Nous n\u2019offrons pas de formation. Chaque \u00e9quipe consiste d\u2019un b\u00e9n\u00e9vole et de son propre chien ou chat. L&#8217;exp\u00e9rience nous a d\u00e9montr\u00e9 qu\u2019habituellement, les animaux de zooth\u00e9rapie sont n\u00e9s avec le temp\u00e9rament requis pour ce genre de travail (quoiqu\u2019ils doivent tout de m\u00eame avoir une base d&#8217;ob\u00e9issance). 2.&hellip;<\/p>\n","protected":false},"author":1,"featured_media":0,"parent":0,"menu_order":0,"comment_status":"closed","ping_status":"closed","template":"","meta":{"footnotes":""},"class_list":["post-372","page","type-page","status-publish","hentry","entry","no-media"],"_links":{"self":[{"href":"https:\/\/caringpawsanimaltherapy.org\/fr\/wp-json\/wp\/v2\/pages\/372","targetHints":{"allow":["GET"]}}],"collection":[{"href":"https:\/\/caringpawsanimaltherapy.org\/fr\/wp-json\/wp\/v2\/pages"}],"about":[{"href":"https:\/\/caringpawsanimaltherapy.org\/fr\/wp-json\/wp\/v2\/types\/page"}],"author":[{"embeddable":true,"href":"https:\/\/caringpawsanimaltherapy.org\/fr\/wp-json\/wp\/v2\/users\/1"}],"replies":[{"embeddable":true,"href":"https:\/\/caringpawsanimaltherapy.org\/fr\/wp-json\/wp\/v2\/comments?post=372"}],"version-history":[{"count":3,"href":"https:\/\/caringpawsanimaltherapy.org\/fr\/wp-json\/wp\/v2\/pages\/372\/revisions"}],"predecessor-version":[{"id":456,"href":"https:\/\/caringpawsanimaltherapy.org\/fr\/wp-json\/wp\/v2\/pages\/372\/revisions\/456"}],"wp:attachment":[{"href":"https:\/\/caringpawsanimaltherapy.org\/fr\/wp-json\/wp\/v2\/media?parent=372"}],"curies":[{"name":"wp","href":"https:\/\/api.w.org\/{rel}","templated":true}]}}