{"id":368,"date":"2021-11-28T11:14:26","date_gmt":"2021-11-28T16:14:26","guid":{"rendered":"http:\/\/caringpawsanimaltherapy.org\/?page_id=368"},"modified":"2024-11-10T13:52:40","modified_gmt":"2024-11-10T18:52:40","slug":"a-propos-de-nous","status":"publish","type":"page","link":"https:\/\/caringpawsanimaltherapy.org\/fr\/a-propos-de-nous\/","title":{"rendered":"\u00c0 propos de nous"},"content":{"rendered":"[vc_row][vc_column width=&#8221;1\/2&#8243;][vc_column_text]\n<h2 style=\"text-align: center;\">Service offert par le centre d&#8217;Action B\u00e9n\u00e9vole Ouest-de-l&#8217;\u00cele<\/h2>\n[\/vc_column_text][\/vc_column][vc_column width=&#8221;1\/2&#8243;][vc_column_text]\n<h2 style=\"text-align: center;\">Le Comit\u00e9 d\u2019organisation<\/h2>\n[\/vc_column_text][\/vc_column][\/vc_row][vc_row][vc_column width=&#8221;1\/2&#8243;][vc_column_text]<strong>Pattes humanitaires th\u00e9rapeutiques<\/strong> est un service offert par le Centre d\u2019action b\u00e9n\u00e9vole Ouest-de-l\u2019\u00cele (CAB), un organisme \u00e0 but non-lucratif situ\u00e9 \u00e0 Sainte-Anne-de-Bellevue, Qu\u00e9bec. Nos \u00e9quipes d\u2019intervenants certifi\u00e9es (qui consistent d\u2019un membre b\u00e9n\u00e9vole et de son chien\/ chat de zooth\u00e9rapie) visitent les h\u00f4pitaux, les maisons de retraite, les centres de soins de longue dur\u00e9e, les centres d\u2019accueil pour a\u00een\u00e9s, les centres communautaires, les refuges pour femmes, les CEGEPs et les universit\u00e9s. Nos \u00e9quipes d\u2019intervenants qui sont certifi\u00e9es pour les programmes d\u2019enfants visitent ces \u00e9tablissements et offrent aussi notre programme de lecture dans les \u00e9coles, les biblioth\u00e8ques et autres centres pour enfants.[\/vc_column_text][\/vc_column][vc_column width=&#8221;1\/2&#8243;][vc_column_text]Le comit\u00e9 d\u2019organisation est compos\u00e9 des membres suivant:<\/p>\n<ol>\n<li>Maritza Benedek \u2013 Chef d\u2019\u00c9quipe<\/li>\n<li>Barbara Paul \u2013 Fondatrice et Consultante<\/li>\n<li>Linda Quinn \u2013 \u00c9valuatrice de chiens et de chats<\/li>\n<li>Marilyn MacLean \u2013 Bulletins et Communications<\/li>\n<li>Elaine McLean &#8211; Coordinatrice des b\u00e9n\u00e9voles, Vaudreuil-Soulange<\/li>\n<\/ol>\n[\/vc_column_text][\/vc_column][\/vc_row][vc_row][vc_column][vc_column_text]\n<h2 style=\"text-align: center;\"><b>D\u00e9claration de mission<\/b><\/h2>\n<p style=\"text-align: center;\">La mission de \u2018Pattes humanitaires th\u00e9rapeutiques\u2019 est de d\u00e9velopper, promouvoir et offrir la zooth\u00e9rapie (avec chiens et chats) pour contribuer \u00e0 l\u2019am\u00e9lioration de la sant\u00e9 et de la qualit\u00e9 de vie des individus peu importe leur \u00e2ge ou leur condition.<\/p>\n[\/vc_column_text][\/vc_column][\/vc_row]\n","protected":false},"excerpt":{"rendered":"<p>[vc_row][vc_column width=&#8221;1\/2&#8243;][vc_column_text] Service offert par le centre d&#8217;Action B\u00e9n\u00e9vole Ouest-de-l&#8217;\u00cele [\/vc_column_text][\/vc_column][vc_column width=&#8221;1\/2&#8243;][vc_column_text] Le Comit\u00e9 d\u2019organisation [\/vc_column_text][\/vc_column][\/vc_row][vc_row][vc_column width=&#8221;1\/2&#8243;][vc_column_text]Pattes humanitaires th\u00e9rapeutiques est un service offert par le Centre d\u2019action b\u00e9n\u00e9vole Ouest-de-l\u2019\u00cele (CAB), un organisme \u00e0 but non-lucratif situ\u00e9 \u00e0 Sainte-Anne-de-Bellevue, Qu\u00e9bec. Nos \u00e9quipes d\u2019intervenants certifi\u00e9es (qui consistent d\u2019un membre b\u00e9n\u00e9vole et de son chien\/ chat de zooth\u00e9rapie)&hellip;<\/p>\n","protected":false},"author":1,"featured_media":0,"parent":0,"menu_order":0,"comment_status":"closed","ping_status":"closed","template":"","meta":{"footnotes":""},"class_list":["post-368","page","type-page","status-publish","hentry","entry","no-media"],"_links":{"self":[{"href":"https:\/\/caringpawsanimaltherapy.org\/fr\/wp-json\/wp\/v2\/pages\/368","targetHints":{"allow":["GET"]}}],"collection":[{"href":"https:\/\/caringpawsanimaltherapy.org\/fr\/wp-json\/wp\/v2\/pages"}],"about":[{"href":"https:\/\/caringpawsanimaltherapy.org\/fr\/wp-json\/wp\/v2\/types\/page"}],"author":[{"embeddable":true,"href":"https:\/\/caringpawsanimaltherapy.org\/fr\/wp-json\/wp\/v2\/users\/1"}],"replies":[{"embeddable":true,"href":"https:\/\/caringpawsanimaltherapy.org\/fr\/wp-json\/wp\/v2\/comments?post=368"}],"version-history":[{"count":12,"href":"https:\/\/caringpawsanimaltherapy.org\/fr\/wp-json\/wp\/v2\/pages\/368\/revisions"}],"predecessor-version":[{"id":829,"href":"https:\/\/caringpawsanimaltherapy.org\/fr\/wp-json\/wp\/v2\/pages\/368\/revisions\/829"}],"wp:attachment":[{"href":"https:\/\/caringpawsanimaltherapy.org\/fr\/wp-json\/wp\/v2\/media?parent=368"}],"curies":[{"name":"wp","href":"https:\/\/api.w.org\/{rel}","templated":true}]}}